{"id":2019,"date":"2024-10-21T09:52:03","date_gmt":"2024-10-21T09:52:03","guid":{"rendered":"https:\/\/g-rex.si\/?page_id=2019"},"modified":"2024-10-21T09:58:11","modified_gmt":"2024-10-21T09:58:11","slug":"legal2","status":"publish","type":"page","link":"https:\/\/g-rex.si\/en\/home-1\/legal2\/","title":{"rendered":"varstvo zasebnosti"},"content":{"rendered":"<div data-elementor-type=\"wp-page\" data-elementor-id=\"2019\" class=\"elementor elementor-2019\">\n\t\t\t\t\t\t<section class=\"elementor-section elementor-top-section elementor-element elementor-element-183aabc2 elementor-section-stretched elementor-section-full_width elementor-section-height-default elementor-section-height-default\" data-id=\"183aabc2\" data-element_type=\"section\" data-e-type=\"section\" data-settings=\"{&quot;stretch_section&quot;:&quot;section-stretched&quot;}\">\n\t\t\t\t\t\t<div class=\"elementor-container elementor-column-gap-no\">\n\t\t\t\t\t<div class=\"elementor-column elementor-col-100 elementor-top-column elementor-element elementor-element-60fa4695\" data-id=\"60fa4695\" data-element_type=\"column\" data-e-type=\"column\">\n\t\t\t<div class=\"elementor-widget-wrap elementor-element-populated\">\n\t\t\t\t\t\t<div class=\"elementor-element elementor-element-5475bda9 elementor-widget elementor-widget-helpo_content_slider\" data-id=\"5475bda9\" data-element_type=\"widget\" data-e-type=\"widget\" data-widget_type=\"helpo_content_slider.default\">\n\t\t\t\t<div class=\"elementor-widget-container\">\n\t\t\t\t\t\n        <div class=\"helpo_content_slider_widget\">\n            <div class=\"helpo_content_slider_wrapper helpo_view_type_1\">\n\n                <div class=\"helpo_content_slider helpo_slider_slick\" data-slider-options=\"{&quot;pauseOnHover&quot;:true,&quot;autoplay&quot;:false,&quot;infinite&quot;:true,&quot;speed&quot;:1200,&quot;rtl&quot;:false}\">\n                                            <div class=\"helpo_content_slide elementor-repeater-item-578fc86\" style=\"background: url('https:\/\/g-rex.si\/wp-content\/uploads\/2024\/10\/G-REX_banner_v2.jpg')\">\n\n\n                                                            <div class=\"container helpo_full_cont\">\n                                    <div class=\"row helpo_full_cont\">\n                                        <div class=\"col-12 helpo_full_cont\">\n                                            \n                                            <div class=\"helpo_content_slide_wrapper\">\n                                                <div class=\"helpo_content_container\">\n                                                                                                    <\/div>\n                                            <\/div>\n\n                                                                                    <\/div>\n                                    <\/div>\n                                <\/div>\n                                                        <\/div>\n                                        <\/div>\n\n                <!-- Slider Navigation -->\n                \n                                    <div class=\"helpo_additional_fields_container\">\n                                            <\/div>\n                                <\/div>\n        <\/div>\n        \t\t\t\t<\/div>\n\t\t\t\t<\/div>\n\t\t\t\t\t<\/div>\n\t\t<\/div>\n\t\t\t\t\t<\/div>\n\t\t<\/section>\n\t\t\t\t<section class=\"elementor-section elementor-top-section elementor-element elementor-element-35db709b elementor-section-boxed elementor-section-height-default elementor-section-height-default\" data-id=\"35db709b\" data-element_type=\"section\" data-e-type=\"section\">\n\t\t\t\t\t\t<div class=\"elementor-container elementor-column-gap-default\">\n\t\t\t\t\t<div class=\"elementor-column elementor-col-100 elementor-top-column elementor-element elementor-element-d92dd03\" data-id=\"d92dd03\" data-element_type=\"column\" data-e-type=\"column\">\n\t\t\t<div class=\"elementor-widget-wrap\">\n\t\t\t\t\t\t\t<\/div>\n\t\t<\/div>\n\t\t\t\t\t<\/div>\n\t\t<\/section>\n\t\t\t\t<section class=\"elementor-section elementor-top-section elementor-element elementor-element-f0e0df4 elementor-section-boxed elementor-section-height-default elementor-section-height-default\" data-id=\"f0e0df4\" data-element_type=\"section\" data-e-type=\"section\">\n\t\t\t\t\t\t<div class=\"elementor-container elementor-column-gap-default\">\n\t\t\t\t\t<div class=\"elementor-column elementor-col-100 elementor-top-column elementor-element elementor-element-9276ecf\" data-id=\"9276ecf\" data-element_type=\"column\" data-e-type=\"column\">\n\t\t\t<div class=\"elementor-widget-wrap elementor-element-populated\">\n\t\t\t\t\t\t<section class=\"elementor-section elementor-inner-section elementor-element elementor-element-29438a9 elementor-section-full_width elementor-section-height-default elementor-section-height-default\" data-id=\"29438a9\" data-element_type=\"section\" data-e-type=\"section\">\n\t\t\t\t\t\t<div class=\"elementor-container elementor-column-gap-default\">\n\t\t\t\t\t<div class=\"elementor-column elementor-col-100 elementor-inner-column elementor-element elementor-element-18f29f4\" data-id=\"18f29f4\" data-element_type=\"column\" data-e-type=\"column\">\n\t\t\t<div class=\"elementor-widget-wrap elementor-element-populated\">\n\t\t\t\t\t\t<div class=\"elementor-element elementor-element-efc431b elementor-widget elementor-widget-text-editor\" data-id=\"efc431b\" data-element_type=\"widget\" data-e-type=\"widget\" data-widget_type=\"text-editor.default\">\n\t\t\t\t<div class=\"elementor-widget-container\">\n\t\t\t\t\t\t\t\t\t<p><strong>Privacy protection<\/strong><\/p><p class=\"translation-block\">The company <strong>G-REX d.o.o.<\/strong>, Velike Brusnice 7, 8321 Brusnice (hereinafter: the company) protects your privacy and personal data and prevents unauthorized access, use or disclosure of this data. It treats personal data as confidential and processes them in accordance with applicable legislation, especially in accordance with Regulation (EU) 2016\/679 on the protection of personal data (hereinafter: General Data Protection Regulation).<\/p><p>If you want to stop receiving company notifications and want your personal data to be deleted from the company's database, you can do so by clicking on the \"UNSUBSCRIBE\" link in any company email or by sending a request to the email address <strong><a rel=\"noopener\">info@g-rex.si<\/a><\/strong>.<\/p><p><strong>Controller and authorized person for data protection<\/strong><\/p><p class=\"translation-block\">The controller of personal data collected and processed by the company is <strong>G-REX d.o.o.<\/strong>, Velike Brusnice 7, 8321 Brusnice. The director of the company performs the role of an authorized person for data protection.<\/p><p><strong>Purpose and legal basis for processing personal data<\/strong><\/p><p>Personal data is processed on the basis of a contractual relationship, consent, legal obligations or the legitimate interest of the company. The data is used to carry out business activities, including processing orders, sending information and promotional content, direct marketing and other related activities, such as accounting procedures.<\/p><p>The company does not add individuals to its recipient database without their express consent, which usually occurs through an application form or business cooperation.<\/p><p>Personal data is used to send content and offers through various communication channels, such as e-mail, post and telephone.<\/p><p><strong>Cookies and customization of the online experience<\/strong><\/p><p class=\"translation-block\">The website <strong>g-rex.si<\/strong> uses cookies that help adjust the content according to the visitor's preferences. A cookie is a small file that a web server stores on the user's device. The purpose of cookies is to improve the user experience by analyzing visits and content popularity. The user can disable cookies at any time in the browser settings, but this may limit certain functionalities of the website.<\/p><p><strong>Protected personal data<\/strong><\/p><p>For business purposes, the company processes personal data, such as name, surname, e-mail address, address of residence or workplace, telephone number and company information. The information you voluntarily share in the form of comments on the website is not subject to privacy protection.<\/p><p>The company does not collect data from persons under the age of 18, unless it obtains the consent of a legal representative. He has the right to view and request the deletion of data.<\/p><p><strong>Rights of individuals in relation to personal data<\/strong><\/p><p>Individuals have the right to request access to their data, their correction, deletion, limitation of processing, portability of data and objection to processing. He also has the right to lodge a complaint with the Information Commissioner.<\/p><p class=\"translation-block\">The company will consider each request within one month of receipt, and all requests can be sent to the e-mail address <strong><a rel=\"noopener\" target=\"_self\">info@g-rex.si<\/a><\/strong>.<\/p><p><strong>Data retention period<\/strong><\/p><p>Data related to payments are kept for 10 years from the date of final payment. In case of data processing based on consent, these are kept until cancellation. In the case of a contractual basis, the data is kept until the end of the contract.<\/p><p><strong>Protection of personal data and its disclosure<\/strong><\/p><p>Personal data will be disclosed only in the case of a legal requirement or if it is necessary to protect the rights and property of the company and the safety of users. The company does not sell or rent data to third parties, except for authorized contractual partners who provide services related to the operation of the company. These partners are bound by the same data protection standards.<\/p><p><strong>Validity of the statement and dispute resolution<\/strong><\/p><p>This privacy statement is valid from 1 October 2024 onwards. The company reserves the right to update the statement, so we advise you to review it regularly.<\/p><p>For all questions about privacy protection, please contact <strong><a rel=\"noopener\">info@g-rex.si<\/a><\/strong>. If you feel that the Company does not meet your privacy expectations, please stop using the Site.<\/p><p>The privacy statement is subject to the legislation of the Republic of Slovenia. All possible disputes are resolved by the competent court of the Republic of Slovenia.<\/p><p><strong>Last update<\/strong>: 1. 10. 2024<\/p>\t\t\t\t\t\t\t\t<\/div>\n\t\t\t\t<\/div>\n\t\t\t\t\t<\/div>\n\t\t<\/div>\n\t\t\t\t\t<\/div>\n\t\t<\/section>\n\t\t\t\t\t<\/div>\n\t\t<\/div>\n\t\t\t\t\t<\/div>\n\t\t<\/section>\n\t\t\t\t<\/div>","protected":false},"excerpt":{"rendered":"<p>Varstvo zasebnosti Podjetje G-REX d.o.o., Velike Brusnice 7, 8321 Brusnice (v nadaljevanju: podjetje), varuje va\u0161o zasebnost in osebne podatke ter prepre\u010duje nepoobla\u0161\u010den dostop, uporabo ali razkritje teh podatkov. Osebne podatke obravnava kot zaupne in jih obdeluje skladno z veljavno zakonodajo, predvsem v skladu z Uredbo (EU) 2016\/679 o varstvu osebnih podatkov (v nadaljevanju: Splo\u0161na uredba [&hellip;]<\/p>\n","protected":false},"author":1,"featured_media":0,"parent":149,"menu_order":0,"comment_status":"closed","ping_status":"closed","template":"","meta":{"om_disable_all_campaigns":false,"_monsterinsights_skip_tracking":false,"_monsterinsights_sitenote_active":false,"_monsterinsights_sitenote_note":"","_monsterinsights_sitenote_category":0,"footnotes":""},"class_list":["post-2019","page","type-page","status-publish","hentry"],"aioseo_notices":[],"_links":{"self":[{"href":"https:\/\/g-rex.si\/en\/wp-json\/wp\/v2\/pages\/2019","targetHints":{"allow":["GET"]}}],"collection":[{"href":"https:\/\/g-rex.si\/en\/wp-json\/wp\/v2\/pages"}],"about":[{"href":"https:\/\/g-rex.si\/en\/wp-json\/wp\/v2\/types\/page"}],"author":[{"embeddable":true,"href":"https:\/\/g-rex.si\/en\/wp-json\/wp\/v2\/users\/1"}],"replies":[{"embeddable":true,"href":"https:\/\/g-rex.si\/en\/wp-json\/wp\/v2\/comments?post=2019"}],"version-history":[{"count":7,"href":"https:\/\/g-rex.si\/en\/wp-json\/wp\/v2\/pages\/2019\/revisions"}],"predecessor-version":[{"id":2029,"href":"https:\/\/g-rex.si\/en\/wp-json\/wp\/v2\/pages\/2019\/revisions\/2029"}],"up":[{"embeddable":true,"href":"https:\/\/g-rex.si\/en\/wp-json\/wp\/v2\/pages\/149"}],"wp:attachment":[{"href":"https:\/\/g-rex.si\/en\/wp-json\/wp\/v2\/media?parent=2019"}],"curies":[{"name":"wp","href":"https:\/\/api.w.org\/{rel}","templated":true}]}}