{"id":2011,"date":"2024-10-21T09:40:25","date_gmt":"2024-10-21T09:40:25","guid":{"rendered":"https:\/\/g-rex.si\/?page_id=2011"},"modified":"2024-10-21T09:57:49","modified_gmt":"2024-10-21T09:57:49","slug":"legal1","status":"publish","type":"page","link":"https:\/\/g-rex.si\/en\/home-1\/legal1\/","title":{"rendered":"pogoji poslovanja"},"content":{"rendered":"<div data-elementor-type=\"wp-page\" data-elementor-id=\"2011\" class=\"elementor elementor-2011\">\n\t\t\t\t\t\t<section class=\"elementor-section elementor-top-section elementor-element elementor-element-183aabc2 elementor-section-stretched elementor-section-full_width elementor-section-height-default elementor-section-height-default\" data-id=\"183aabc2\" data-element_type=\"section\" data-e-type=\"section\" data-settings=\"{&quot;stretch_section&quot;:&quot;section-stretched&quot;}\">\n\t\t\t\t\t\t<div class=\"elementor-container elementor-column-gap-no\">\n\t\t\t\t\t<div class=\"elementor-column elementor-col-100 elementor-top-column elementor-element elementor-element-60fa4695\" data-id=\"60fa4695\" data-element_type=\"column\" data-e-type=\"column\">\n\t\t\t<div class=\"elementor-widget-wrap elementor-element-populated\">\n\t\t\t\t\t\t<div class=\"elementor-element elementor-element-5475bda9 elementor-widget elementor-widget-helpo_content_slider\" data-id=\"5475bda9\" data-element_type=\"widget\" data-e-type=\"widget\" data-widget_type=\"helpo_content_slider.default\">\n\t\t\t\t<div class=\"elementor-widget-container\">\n\t\t\t\t\t\n        <div class=\"helpo_content_slider_widget\">\n            <div class=\"helpo_content_slider_wrapper helpo_view_type_1\">\n\n                <div class=\"helpo_content_slider helpo_slider_slick\" data-slider-options=\"{&quot;pauseOnHover&quot;:true,&quot;autoplay&quot;:false,&quot;infinite&quot;:true,&quot;speed&quot;:1200,&quot;rtl&quot;:false}\">\n                                            <div class=\"helpo_content_slide elementor-repeater-item-578fc86\" style=\"background: url('https:\/\/g-rex.si\/wp-content\/uploads\/2024\/10\/G-REX_banner_v2.jpg')\">\n\n\n                                                            <div class=\"container helpo_full_cont\">\n                                    <div class=\"row helpo_full_cont\">\n                                        <div class=\"col-12 helpo_full_cont\">\n                                            \n                                            <div class=\"helpo_content_slide_wrapper\">\n                                                <div class=\"helpo_content_container\">\n                                                                                                    <\/div>\n                                            <\/div>\n\n                                                                                    <\/div>\n                                    <\/div>\n                                <\/div>\n                                                        <\/div>\n                                        <\/div>\n\n                <!-- Slider Navigation -->\n                \n                                    <div class=\"helpo_additional_fields_container\">\n                                            <\/div>\n                                <\/div>\n        <\/div>\n        \t\t\t\t<\/div>\n\t\t\t\t<\/div>\n\t\t\t\t\t<\/div>\n\t\t<\/div>\n\t\t\t\t\t<\/div>\n\t\t<\/section>\n\t\t\t\t<section class=\"elementor-section elementor-top-section elementor-element elementor-element-35db709b elementor-section-boxed elementor-section-height-default elementor-section-height-default\" data-id=\"35db709b\" data-element_type=\"section\" data-e-type=\"section\">\n\t\t\t\t\t\t<div class=\"elementor-container elementor-column-gap-default\">\n\t\t\t\t\t<div class=\"elementor-column elementor-col-100 elementor-top-column elementor-element elementor-element-d92dd03\" data-id=\"d92dd03\" data-element_type=\"column\" data-e-type=\"column\">\n\t\t\t<div class=\"elementor-widget-wrap\">\n\t\t\t\t\t\t\t<\/div>\n\t\t<\/div>\n\t\t\t\t\t<\/div>\n\t\t<\/section>\n\t\t\t\t<section class=\"elementor-section elementor-top-section elementor-element elementor-element-f0e0df4 elementor-section-boxed elementor-section-height-default elementor-section-height-default\" data-id=\"f0e0df4\" data-element_type=\"section\" data-e-type=\"section\">\n\t\t\t\t\t\t<div class=\"elementor-container elementor-column-gap-default\">\n\t\t\t\t\t<div class=\"elementor-column elementor-col-100 elementor-top-column elementor-element elementor-element-9276ecf\" data-id=\"9276ecf\" data-element_type=\"column\" data-e-type=\"column\">\n\t\t\t<div class=\"elementor-widget-wrap elementor-element-populated\">\n\t\t\t\t\t\t<section class=\"elementor-section elementor-inner-section elementor-element elementor-element-29438a9 elementor-section-full_width elementor-section-height-default elementor-section-height-default\" data-id=\"29438a9\" data-element_type=\"section\" data-e-type=\"section\">\n\t\t\t\t\t\t<div class=\"elementor-container elementor-column-gap-default\">\n\t\t\t\t\t<div class=\"elementor-column elementor-col-100 elementor-inner-column elementor-element elementor-element-18f29f4\" data-id=\"18f29f4\" data-element_type=\"column\" data-e-type=\"column\">\n\t\t\t<div class=\"elementor-widget-wrap elementor-element-populated\">\n\t\t\t\t\t\t<div class=\"elementor-element elementor-element-efc431b elementor-widget elementor-widget-text-editor\" data-id=\"efc431b\" data-element_type=\"widget\" data-e-type=\"widget\" data-widget_type=\"text-editor.default\">\n\t\t\t\t<div class=\"elementor-widget-container\">\n\t\t\t\t\t\t\t\t\t<p><strong>General conditions of use<\/strong><\/p><p class=\"translation-block\">The website www.g-rex.si (hereinafter: the website), which is owned and managed by <strong>G-REX d.o.o.<\/strong> (hereinafter: the company), consists of various websites. All rights are reserved, unless expressly stated otherwise on each page.<\/p><p>Your use of the Website, including interactions with the Free or Paid Offerings, constitutes your agreement to these General Terms and Conditions (\"Terms\").<\/p><p>The company reserves the right to change the terms of use at any time and without prior notice.<\/p><p><strong>Use of the website<\/strong><\/p><p>The website may contain links to other websites (hereinafter: linked websites). The linked websites are not under the control of the company, which is also not responsible for their content, links to them, or any updates. If the website recommends a particular service or product from a linked website, this opinion does not constitute an acceptance of responsibility by the company.<\/p><p>It is a condition of your use of the website that you do not use it for any illegal or prohibited purposes. Any activity that would harm the website is prohibited, including restricting the access of other users or obtaining data in an unauthorized manner.<\/p><p>Commenting and filling out forms on the website is welcome, but under certain rules. Entries that do not comply with these rules will not be approved. Users undertake not to:<\/p><ul><li>slander, threaten, insult other users or the company;<\/li><li>posted illegal, inappropriate or inappropriate content;<\/li><li>make business offers, unless this is expressly permitted on a specific page;<\/li><li>violated applicable laws and regulations;<\/li><li>harm or disturb other users or the company.<\/li><\/ul><p><br \/>Sending unsolicited promotional messages to published contacts is not allowed. The Company reserves the right to remove users who violate these Terms without warning. The company may also disclose users' personal data if required by applicable law or competent authorities.<\/p><p>The Company does not claim ownership of the content that users post on the Site, but by submitting content you grant the Company the right to use that content for commercial purposes, including: copying, distribution, public display, processing and translation. The company reserves the right to use your name when publishing content.<\/p><p><strong>Terms of cooperation<\/strong><\/p><p>By submitting an order for any product or service, you undertake to provide the required information and make timely payment, in accordance with the terms of the offer, estimate or invoice. This enables seamless collaboration and ensures a positive experience for all involved.<\/p><p><strong>Limited warranty<\/strong><\/p><p>The company guarantees that all products, unless otherwise agreed, are new on delivery and meet the technical specifications specified in the offer.<\/p><p><strong>Applicable legislation<\/strong><\/p><p>These general conditions are in accordance with the legislation of the Republic of Slovenia. All possible disputes will be resolved by the competent court in Slovenia. If any part of these Terms is invalid or unenforceable, that part will be replaced by a valid provision that best meets the original intent, and the remaining parts will remain in effect.<\/p><p><strong>Acceptance of terms<\/strong><\/p><p class=\"translation-block\">For all questions regarding these general conditions, please contact the e-mail address <a rel=\"noopener\" target=\"_self\">info@g-rex.si<\/a>. The company will answer questions as soon as possible.<\/p><p>Last update: 1\/10\/2024<\/p>\t\t\t\t\t\t\t\t<\/div>\n\t\t\t\t<\/div>\n\t\t\t\t\t<\/div>\n\t\t<\/div>\n\t\t\t\t\t<\/div>\n\t\t<\/section>\n\t\t\t\t\t<\/div>\n\t\t<\/div>\n\t\t\t\t\t<\/div>\n\t\t<\/section>\n\t\t\t\t<\/div>","protected":false},"excerpt":{"rendered":"<p>Splo\u0161ni pogoji uporabe Spletno mesto www.g-rex.si (v nadaljevanju: spletno mesto), ki je v lasti in upravljanju podjetja G-REX d.o.o. (v nadaljevanju: podjetje), sestavljajo razli\u010dne spletne strani. Vse pravice so pridr\u017eane, razen \u010de je na posamezni strani izrecno navedeno druga\u010de. Va\u0161a uporaba spletnega mesta, vklju\u010dno z interakcijami z brezpla\u010dnimi ali pla\u010dljivimi ponudbami, predstavlja soglasje s temi [&hellip;]<\/p>\n","protected":false},"author":1,"featured_media":0,"parent":149,"menu_order":0,"comment_status":"closed","ping_status":"closed","template":"","meta":{"om_disable_all_campaigns":false,"_monsterinsights_skip_tracking":false,"_monsterinsights_sitenote_active":false,"_monsterinsights_sitenote_note":"","_monsterinsights_sitenote_category":0,"footnotes":""},"class_list":["post-2011","page","type-page","status-publish","hentry"],"aioseo_notices":[],"_links":{"self":[{"href":"https:\/\/g-rex.si\/en\/wp-json\/wp\/v2\/pages\/2011","targetHints":{"allow":["GET"]}}],"collection":[{"href":"https:\/\/g-rex.si\/en\/wp-json\/wp\/v2\/pages"}],"about":[{"href":"https:\/\/g-rex.si\/en\/wp-json\/wp\/v2\/types\/page"}],"author":[{"embeddable":true,"href":"https:\/\/g-rex.si\/en\/wp-json\/wp\/v2\/users\/1"}],"replies":[{"embeddable":true,"href":"https:\/\/g-rex.si\/en\/wp-json\/wp\/v2\/comments?post=2011"}],"version-history":[{"count":10,"href":"https:\/\/g-rex.si\/en\/wp-json\/wp\/v2\/pages\/2011\/revisions"}],"predecessor-version":[{"id":2026,"href":"https:\/\/g-rex.si\/en\/wp-json\/wp\/v2\/pages\/2011\/revisions\/2026"}],"up":[{"embeddable":true,"href":"https:\/\/g-rex.si\/en\/wp-json\/wp\/v2\/pages\/149"}],"wp:attachment":[{"href":"https:\/\/g-rex.si\/en\/wp-json\/wp\/v2\/media?parent=2011"}],"curies":[{"name":"wp","href":"https:\/\/api.w.org\/{rel}","templated":true}]}}